{"id":1071,"date":"2024-07-24T10:47:03","date_gmt":"2024-07-24T16:47:03","guid":{"rendered":"https:\/\/compaq-usa.com\/?post_type=product&#038;p=1071"},"modified":"2024-10-03T12:40:15","modified_gmt":"2024-10-03T18:40:15","slug":"bocina-compaq-cmq-40w","status":"publish","type":"product","link":"https:\/\/compaq-usa.com\/es\/producto\/bocina-compaq-cmq-40w\/","title":{"rendered":"Bocina COMPAQ CMQ 40W"},"excerpt":{"rendered":"<p>Crea una atm\u00f3sfera moderna, elegante y sofisticada con la iluminaci\u00f3n. Su iluminaci\u00f3n se sincroniza con el ritmo de la m\u00fasica y se adapta perfectamente a cualquier estilo de vida. <\/p>\n","protected":false},"featured_media":1195,"template":"","meta":[],"product_brand":[],"product_cat":[23,27],"product_tag":[],"class_list":{"0":"post-1071","1":"product","2":"type-product","3":"status-publish","4":"has-post-thumbnail","6":"product_cat-audio","7":"product_cat-beat-go","9":"first","10":"instock","11":"shipping-taxable","12":"product-type-simple"},"_links":{"self":[{"href":"https:\/\/compaq-usa.com\/es\/wp-json\/wp\/v2\/product\/1071","targetHints":{"allow":["GET"]}}],"collection":[{"href":"https:\/\/compaq-usa.com\/es\/wp-json\/wp\/v2\/product"}],"about":[{"href":"https:\/\/compaq-usa.com\/es\/wp-json\/wp\/v2\/types\/product"}],"wp:featuredmedia":[{"embeddable":true,"href":"https:\/\/compaq-usa.com\/es\/wp-json\/wp\/v2\/media\/1195"}],"wp:attachment":[{"href":"https:\/\/compaq-usa.com\/es\/wp-json\/wp\/v2\/media?parent=1071"}],"wp:term":[{"taxonomy":"product_brand","embeddable":true,"href":"https:\/\/compaq-usa.com\/es\/wp-json\/wp\/v2\/product_brand?post=1071"},{"taxonomy":"product_cat","embeddable":true,"href":"https:\/\/compaq-usa.com\/es\/wp-json\/wp\/v2\/product_cat?post=1071"},{"taxonomy":"product_tag","embeddable":true,"href":"https:\/\/compaq-usa.com\/es\/wp-json\/wp\/v2\/product_tag?post=1071"}],"curies":[{"name":"wp","href":"https:\/\/api.w.org\/{rel}","templated":true}]}}