{"id":1082,"date":"2024-07-24T10:49:03","date_gmt":"2024-07-24T16:49:03","guid":{"rendered":"https:\/\/compaq-usa.com\/?post_type=product&#038;p=1082"},"modified":"2024-10-10T15:12:00","modified_gmt":"2024-10-10T21:12:00","slug":"bocina-compaq-bbqs","status":"publish","type":"product","link":"https:\/\/compaq-usa.com\/es\/producto\/bocina-compaq-bbqs\/","title":{"rendered":"Bocina COMPAQ BBQS"},"excerpt":{"rendered":"<p>Prep\u00e1rate para una experiencia auditiva excepcional. Los graves profundos y los agudos n\u00edtidos te envolver\u00e1n en la m\u00fasica como nunca antes.<\/p>\n","protected":false},"featured_media":1272,"template":"","meta":[],"product_brand":[],"product_cat":[23,29],"product_tag":[],"class_list":{"0":"post-1082","1":"product","2":"type-product","3":"status-publish","4":"has-post-thumbnail","6":"product_cat-audio","7":"product_cat-blastboom","9":"first","10":"instock","11":"shipping-taxable","12":"product-type-simple"},"_links":{"self":[{"href":"https:\/\/compaq-usa.com\/es\/wp-json\/wp\/v2\/product\/1082","targetHints":{"allow":["GET"]}}],"collection":[{"href":"https:\/\/compaq-usa.com\/es\/wp-json\/wp\/v2\/product"}],"about":[{"href":"https:\/\/compaq-usa.com\/es\/wp-json\/wp\/v2\/types\/product"}],"wp:featuredmedia":[{"embeddable":true,"href":"https:\/\/compaq-usa.com\/es\/wp-json\/wp\/v2\/media\/1272"}],"wp:attachment":[{"href":"https:\/\/compaq-usa.com\/es\/wp-json\/wp\/v2\/media?parent=1082"}],"wp:term":[{"taxonomy":"product_brand","embeddable":true,"href":"https:\/\/compaq-usa.com\/es\/wp-json\/wp\/v2\/product_brand?post=1082"},{"taxonomy":"product_cat","embeddable":true,"href":"https:\/\/compaq-usa.com\/es\/wp-json\/wp\/v2\/product_cat?post=1082"},{"taxonomy":"product_tag","embeddable":true,"href":"https:\/\/compaq-usa.com\/es\/wp-json\/wp\/v2\/product_tag?post=1082"}],"curies":[{"name":"wp","href":"https:\/\/api.w.org\/{rel}","templated":true}]}}