{"id":1084,"date":"2024-07-24T10:48:26","date_gmt":"2024-07-24T16:48:26","guid":{"rendered":"https:\/\/compaq-usa.com\/?post_type=product&#038;p=1084"},"modified":"2024-10-18T03:35:01","modified_gmt":"2024-10-18T09:35:01","slug":"bocina-compaq-bbql2m","status":"publish","type":"product","link":"https:\/\/compaq-usa.com\/es\/producto\/bocina-compaq-bbql2m\/","title":{"rendered":"Bocina COMPAQ BBQL2M"},"excerpt":{"rendered":"<p>D\u00e9jate envolver por el poder de la m\u00fasica con una claridad n\u00edtida y una armon\u00eda conmovedora con nuestro altavoz port\u00e1til BBQL2M. Ll\u00e9vate la fiesta a todas partes con este potente y port\u00e1til dise\u00f1o.<\/p>\n","protected":false},"featured_media":1573,"template":"","meta":[],"product_brand":[],"product_cat":[23,29],"product_tag":[],"class_list":{"0":"post-1084","1":"product","2":"type-product","3":"status-publish","4":"has-post-thumbnail","6":"product_cat-audio","7":"product_cat-blastboom","9":"first","10":"instock","11":"shipping-taxable","12":"product-type-simple"},"_links":{"self":[{"href":"https:\/\/compaq-usa.com\/es\/wp-json\/wp\/v2\/product\/1084","targetHints":{"allow":["GET"]}}],"collection":[{"href":"https:\/\/compaq-usa.com\/es\/wp-json\/wp\/v2\/product"}],"about":[{"href":"https:\/\/compaq-usa.com\/es\/wp-json\/wp\/v2\/types\/product"}],"wp:featuredmedia":[{"embeddable":true,"href":"https:\/\/compaq-usa.com\/es\/wp-json\/wp\/v2\/media\/1573"}],"wp:attachment":[{"href":"https:\/\/compaq-usa.com\/es\/wp-json\/wp\/v2\/media?parent=1084"}],"wp:term":[{"taxonomy":"product_brand","embeddable":true,"href":"https:\/\/compaq-usa.com\/es\/wp-json\/wp\/v2\/product_brand?post=1084"},{"taxonomy":"product_cat","embeddable":true,"href":"https:\/\/compaq-usa.com\/es\/wp-json\/wp\/v2\/product_cat?post=1084"},{"taxonomy":"product_tag","embeddable":true,"href":"https:\/\/compaq-usa.com\/es\/wp-json\/wp\/v2\/product_tag?post=1084"}],"curies":[{"name":"wp","href":"https:\/\/api.w.org\/{rel}","templated":true}]}}