{"id":1089,"date":"2024-07-25T10:52:35","date_gmt":"2024-07-25T16:52:35","guid":{"rendered":"https:\/\/compaq-usa.com\/?post_type=product&#038;p=1089"},"modified":"2024-10-03T15:44:31","modified_gmt":"2024-10-03T21:44:31","slug":"compaq-quantum-led-tv","status":"publish","type":"product","link":"https:\/\/compaq-usa.com\/es\/producto\/compaq-quantum-led-tv\/","title":{"rendered":"Compaq Quantum LED TV"},"excerpt":{"rendered":"<p>La tecnolog\u00eda Quantum LED en nuestra Compaq TV transforma tu experiencia visual. Disfrutando de im\u00e1genes m\u00e1s n\u00edtidas y realistas, llevando tu entretenimiento a un nivel completamente nuevo.<\/p>\n","protected":false},"featured_media":1515,"template":"","meta":[],"product_brand":[],"product_cat":[25],"product_tag":[],"class_list":{"0":"post-1089","1":"product","2":"type-product","3":"status-publish","4":"has-post-thumbnail","6":"product_cat-tvs","8":"first","9":"instock","10":"shipping-taxable","11":"product-type-simple"},"_links":{"self":[{"href":"https:\/\/compaq-usa.com\/es\/wp-json\/wp\/v2\/product\/1089","targetHints":{"allow":["GET"]}}],"collection":[{"href":"https:\/\/compaq-usa.com\/es\/wp-json\/wp\/v2\/product"}],"about":[{"href":"https:\/\/compaq-usa.com\/es\/wp-json\/wp\/v2\/types\/product"}],"wp:featuredmedia":[{"embeddable":true,"href":"https:\/\/compaq-usa.com\/es\/wp-json\/wp\/v2\/media\/1515"}],"wp:attachment":[{"href":"https:\/\/compaq-usa.com\/es\/wp-json\/wp\/v2\/media?parent=1089"}],"wp:term":[{"taxonomy":"product_brand","embeddable":true,"href":"https:\/\/compaq-usa.com\/es\/wp-json\/wp\/v2\/product_brand?post=1089"},{"taxonomy":"product_cat","embeddable":true,"href":"https:\/\/compaq-usa.com\/es\/wp-json\/wp\/v2\/product_cat?post=1089"},{"taxonomy":"product_tag","embeddable":true,"href":"https:\/\/compaq-usa.com\/es\/wp-json\/wp\/v2\/product_tag?post=1089"}],"curies":[{"name":"wp","href":"https:\/\/api.w.org\/{rel}","templated":true}]}}